{"id":11632,"date":"2023-12-22T21:44:56","date_gmt":"2023-12-22T21:44:56","guid":{"rendered":"https:\/\/spiceandteamarket.com\/product\/jerk-chicken\/"},"modified":"2023-12-22T21:44:56","modified_gmt":"2023-12-22T21:44:56","slug":"jerk-chicken","status":"publish","type":"product","link":"https:\/\/spiceandteamarket.com\/es\/producto\/jerk-chicken\/","title":{"rendered":"Jerk chicken"},"content":{"rendered":"","protected":false},"excerpt":{"rendered":"<p>Contenido: ajo, cebolla, chile de \u00e1rbol, piment\u00f3n, achiote, tomillo, perejil, canela, chile de jamaica, nuez moscada. Un plato caribe\u00f1o en el que el pollo se marina con una mezcla de especias conocida como \"condimento Jerk\", que normalmente incluye pimienta de Jamaica, chile, cebolla y m\u00e1s.<br \/>\n Contenido neto: 50-60g<\/p>","protected":false},"featured_media":11531,"comment_status":"closed","ping_status":"closed","template":"","meta":{"_joinchat":[]},"product_brand":[],"product_cat":[112],"product_tag":[],"class_list":{"0":"post-11632","1":"product","2":"type-product","3":"status-publish","4":"has-post-thumbnail","6":"product_cat-international-flavors-spice-blends","8":"first","9":"instock","10":"shipping-taxable","11":"purchasable","12":"product-type-simple"},"yoast_head":"<!-- This site is optimized with the Yoast SEO plugin v27.2 - https:\/\/yoast.com\/product\/yoast-seo-wordpress\/ -->\n<title>Jerk chicken - Spice Market Cozumel<\/title>\n<meta name=\"robots\" content=\"index, follow, max-snippet:-1, max-image-preview:large, max-video-preview:-1\" \/>\n<link rel=\"canonical\" href=\"https:\/\/spiceandteamarket.com\/es\/producto\/jerk-chicken\/\" \/>\n<meta property=\"og:locale\" content=\"es_MX\" \/>\n<meta property=\"og:type\" content=\"article\" \/>\n<meta property=\"og:title\" content=\"Jerk chicken - Spice Market Cozumel\" \/>\n<meta property=\"og:description\" content=\"Content: garlic, onion, tree chili, paprika, achiote, thyme, parsley, cinnamon, jamaican pepper, nutmeg. A Caribbean dish where chicken is marinated with a spiced mixture known as &quot;jerk seasoning,&quot; typically including allspice, chili, onions, and more. Net Content: 50-60g\" \/>\n<meta property=\"og:url\" content=\"https:\/\/spiceandteamarket.com\/es\/producto\/jerk-chicken\/\" \/>\n<meta property=\"og:site_name\" content=\"Spice Market Cozumel\" \/>\n<meta property=\"article:publisher\" content=\"https:\/\/www.facebook.com\/spicemarketczm\" \/>\n<meta property=\"og:image\" content=\"https:\/\/spiceandteamarket.com\/wp-content\/uploads\/2022\/04\/JERK-CHICKEN-1.jpg\" \/>\n\t<meta property=\"og:image:width\" content=\"1080\" \/>\n\t<meta property=\"og:image:height\" content=\"1300\" \/>\n\t<meta property=\"og:image:type\" content=\"image\/jpeg\" \/>\n<meta name=\"twitter:card\" content=\"summary_large_image\" \/>\n<script type=\"application\/ld+json\" class=\"yoast-schema-graph\">{\"@context\":\"https:\/\/schema.org\",\"@graph\":[{\"@type\":\"WebPage\",\"@id\":\"https:\/\/spiceandteamarket.com\/product\/jerk-chicken\/\",\"url\":\"https:\/\/spiceandteamarket.com\/product\/jerk-chicken\/\",\"name\":\"Jerk chicken - Spice Market Cozumel\",\"isPartOf\":{\"@id\":\"https:\/\/spiceandteamarket.com\/#website\"},\"primaryImageOfPage\":{\"@id\":\"https:\/\/spiceandteamarket.com\/product\/jerk-chicken\/#primaryimage\"},\"image\":{\"@id\":\"https:\/\/spiceandteamarket.com\/product\/jerk-chicken\/#primaryimage\"},\"thumbnailUrl\":\"https:\/\/spiceandteamarket.com\/wp-content\/uploads\/2022\/04\/JERK-CHICKEN-1.jpg\",\"datePublished\":\"2023-12-22T21:44:56+00:00\",\"breadcrumb\":{\"@id\":\"https:\/\/spiceandteamarket.com\/product\/jerk-chicken\/#breadcrumb\"},\"inLanguage\":\"es\",\"potentialAction\":[{\"@type\":\"ReadAction\",\"target\":[\"https:\/\/spiceandteamarket.com\/product\/jerk-chicken\/\"]}]},{\"@type\":\"ImageObject\",\"inLanguage\":\"es\",\"@id\":\"https:\/\/spiceandteamarket.com\/product\/jerk-chicken\/#primaryimage\",\"url\":\"https:\/\/spiceandteamarket.com\/wp-content\/uploads\/2022\/04\/JERK-CHICKEN-1.jpg\",\"contentUrl\":\"https:\/\/spiceandteamarket.com\/wp-content\/uploads\/2022\/04\/JERK-CHICKEN-1.jpg\",\"width\":1080,\"height\":1300},{\"@type\":\"BreadcrumbList\",\"@id\":\"https:\/\/spiceandteamarket.com\/product\/jerk-chicken\/#breadcrumb\",\"itemListElement\":[{\"@type\":\"ListItem\",\"position\":1,\"name\":\"Inicio\",\"item\":\"https:\/\/spiceandteamarket.com\/\"},{\"@type\":\"ListItem\",\"position\":2,\"name\":\"Shop\",\"item\":\"https:\/\/spiceandteamarket.com\/shop\/\"},{\"@type\":\"ListItem\",\"position\":3,\"name\":\"Jerk chicken\"}]},{\"@type\":\"WebSite\",\"@id\":\"https:\/\/spiceandteamarket.com\/#website\",\"url\":\"https:\/\/spiceandteamarket.com\/\",\"name\":\"Spice Market Cozumel\",\"description\":\"From organic products to the widest selection of medicinal teas and exotic spices, we invite you to explore a world of flavors and aromas that will awaken your senses. Whether you&#039;re a food lover, a wellness enthusiast, or simply someone looking to delight in life&#039;s simple pleasures, Spice and Tea Market has something special for you.\",\"publisher\":{\"@id\":\"https:\/\/spiceandteamarket.com\/#organization\"},\"potentialAction\":[{\"@type\":\"SearchAction\",\"target\":{\"@type\":\"EntryPoint\",\"urlTemplate\":\"https:\/\/spiceandteamarket.com\/?s={search_term_string}\"},\"query-input\":{\"@type\":\"PropertyValueSpecification\",\"valueRequired\":true,\"valueName\":\"search_term_string\"}}],\"inLanguage\":\"es\"},{\"@type\":\"Organization\",\"@id\":\"https:\/\/spiceandteamarket.com\/#organization\",\"name\":\"Spice Market Cozumel\",\"url\":\"https:\/\/spiceandteamarket.com\/\",\"logo\":{\"@type\":\"ImageObject\",\"inLanguage\":\"es\",\"@id\":\"https:\/\/spiceandteamarket.com\/#\/schema\/logo\/image\/\",\"url\":\"https:\/\/spiceandteamarket.com\/wp-content\/uploads\/2022\/04\/logo2cafe.png\",\"contentUrl\":\"https:\/\/spiceandteamarket.com\/wp-content\/uploads\/2022\/04\/logo2cafe.png\",\"width\":500,\"height\":501,\"caption\":\"Spice Market Cozumel\"},\"image\":{\"@id\":\"https:\/\/spiceandteamarket.com\/#\/schema\/logo\/image\/\"},\"sameAs\":[\"https:\/\/www.facebook.com\/spicemarketczm\",\"https:\/\/www.instagram.com\/spiceandteamarket_czm\/\"]}]}<\/script>\n<!-- \/ Yoast SEO plugin. -->","yoast_head_json":{"title":"Jerk chicken - Spice Market Cozumel","robots":{"index":"index","follow":"follow","max-snippet":"max-snippet:-1","max-image-preview":"max-image-preview:large","max-video-preview":"max-video-preview:-1"},"canonical":"https:\/\/spiceandteamarket.com\/es\/producto\/jerk-chicken\/","og_locale":"es_MX","og_type":"article","og_title":"Jerk chicken - Spice Market Cozumel","og_description":"Content: garlic, onion, tree chili, paprika, achiote, thyme, parsley, cinnamon, jamaican pepper, nutmeg. A Caribbean dish where chicken is marinated with a spiced mixture known as \"jerk seasoning,\" typically including allspice, chili, onions, and more. Net Content: 50-60g","og_url":"https:\/\/spiceandteamarket.com\/es\/producto\/jerk-chicken\/","og_site_name":"Spice Market Cozumel","article_publisher":"https:\/\/www.facebook.com\/spicemarketczm","og_image":[{"width":1080,"height":1300,"url":"https:\/\/spiceandteamarket.com\/wp-content\/uploads\/2022\/04\/JERK-CHICKEN-1.jpg","type":"image\/jpeg"}],"twitter_card":"summary_large_image","schema":{"@context":"https:\/\/schema.org","@graph":[{"@type":"WebPage","@id":"https:\/\/spiceandteamarket.com\/product\/jerk-chicken\/","url":"https:\/\/spiceandteamarket.com\/product\/jerk-chicken\/","name":"Jerk chicken - Spice Market Cozumel","isPartOf":{"@id":"https:\/\/spiceandteamarket.com\/#website"},"primaryImageOfPage":{"@id":"https:\/\/spiceandteamarket.com\/product\/jerk-chicken\/#primaryimage"},"image":{"@id":"https:\/\/spiceandteamarket.com\/product\/jerk-chicken\/#primaryimage"},"thumbnailUrl":"https:\/\/spiceandteamarket.com\/wp-content\/uploads\/2022\/04\/JERK-CHICKEN-1.jpg","datePublished":"2023-12-22T21:44:56+00:00","breadcrumb":{"@id":"https:\/\/spiceandteamarket.com\/product\/jerk-chicken\/#breadcrumb"},"inLanguage":"es","potentialAction":[{"@type":"ReadAction","target":["https:\/\/spiceandteamarket.com\/product\/jerk-chicken\/"]}]},{"@type":"ImageObject","inLanguage":"es","@id":"https:\/\/spiceandteamarket.com\/product\/jerk-chicken\/#primaryimage","url":"https:\/\/spiceandteamarket.com\/wp-content\/uploads\/2022\/04\/JERK-CHICKEN-1.jpg","contentUrl":"https:\/\/spiceandteamarket.com\/wp-content\/uploads\/2022\/04\/JERK-CHICKEN-1.jpg","width":1080,"height":1300},{"@type":"BreadcrumbList","@id":"https:\/\/spiceandteamarket.com\/product\/jerk-chicken\/#breadcrumb","itemListElement":[{"@type":"ListItem","position":1,"name":"Inicio","item":"https:\/\/spiceandteamarket.com\/"},{"@type":"ListItem","position":2,"name":"Shop","item":"https:\/\/spiceandteamarket.com\/shop\/"},{"@type":"ListItem","position":3,"name":"Jerk chicken"}]},{"@type":"WebSite","@id":"https:\/\/spiceandteamarket.com\/#website","url":"https:\/\/spiceandteamarket.com\/","name":"Spice Market Cozumel","description":"From organic products to the widest selection of medicinal teas and exotic spices, we invite you to explore a world of flavors and aromas that will awaken your senses. Whether you&#039;re a food lover, a wellness enthusiast, or simply someone looking to delight in life&#039;s simple pleasures, Spice and Tea Market has something special for you.","publisher":{"@id":"https:\/\/spiceandteamarket.com\/#organization"},"potentialAction":[{"@type":"SearchAction","target":{"@type":"EntryPoint","urlTemplate":"https:\/\/spiceandteamarket.com\/?s={search_term_string}"},"query-input":{"@type":"PropertyValueSpecification","valueRequired":true,"valueName":"search_term_string"}}],"inLanguage":"es"},{"@type":"Organization","@id":"https:\/\/spiceandteamarket.com\/#organization","name":"Spice Market Cozumel","url":"https:\/\/spiceandteamarket.com\/","logo":{"@type":"ImageObject","inLanguage":"es","@id":"https:\/\/spiceandteamarket.com\/#\/schema\/logo\/image\/","url":"https:\/\/spiceandteamarket.com\/wp-content\/uploads\/2022\/04\/logo2cafe.png","contentUrl":"https:\/\/spiceandteamarket.com\/wp-content\/uploads\/2022\/04\/logo2cafe.png","width":500,"height":501,"caption":"Spice Market Cozumel"},"image":{"@id":"https:\/\/spiceandteamarket.com\/#\/schema\/logo\/image\/"},"sameAs":["https:\/\/www.facebook.com\/spicemarketczm","https:\/\/www.instagram.com\/spiceandteamarket_czm\/"]}]}},"_links":{"self":[{"href":"https:\/\/spiceandteamarket.com\/es\/wp-json\/wp\/v2\/product\/11632","targetHints":{"allow":["GET"]}}],"collection":[{"href":"https:\/\/spiceandteamarket.com\/es\/wp-json\/wp\/v2\/product"}],"about":[{"href":"https:\/\/spiceandteamarket.com\/es\/wp-json\/wp\/v2\/types\/product"}],"replies":[{"embeddable":true,"href":"https:\/\/spiceandteamarket.com\/es\/wp-json\/wp\/v2\/comments?post=11632"}],"wp:featuredmedia":[{"embeddable":true,"href":"https:\/\/spiceandteamarket.com\/es\/wp-json\/wp\/v2\/media\/11531"}],"wp:attachment":[{"href":"https:\/\/spiceandteamarket.com\/es\/wp-json\/wp\/v2\/media?parent=11632"}],"wp:term":[{"taxonomy":"product_brand","embeddable":true,"href":"https:\/\/spiceandteamarket.com\/es\/wp-json\/wp\/v2\/product_brand?post=11632"},{"taxonomy":"product_cat","embeddable":true,"href":"https:\/\/spiceandteamarket.com\/es\/wp-json\/wp\/v2\/product_cat?post=11632"},{"taxonomy":"product_tag","embeddable":true,"href":"https:\/\/spiceandteamarket.com\/es\/wp-json\/wp\/v2\/product_tag?post=11632"}],"curies":[{"name":"wp","href":"https:\/\/api.w.org\/{rel}","templated":true}]}}