{"id":5196,"date":"2022-05-23T03:28:05","date_gmt":"2022-05-23T03:28:05","guid":{"rendered":"http:\/\/spiceandteamarket.com\/?page_id=5196"},"modified":"2024-01-12T22:56:57","modified_gmt":"2024-01-12T22:56:57","slug":"no-sidebar","status":"publish","type":"page","link":"https:\/\/spiceandteamarket.com\/es\/no-sidebar\/","title":{"rendered":"No Sidebar"},"content":{"rendered":"<div data-elementor-type=\"wp-page\" data-elementor-id=\"5196\" class=\"elementor elementor-5196\" data-elementor-post-type=\"page\">\n\t\t\t\t\t\t<section class=\"elementor-section elementor-top-section elementor-element elementor-element-b70cc7e elementor-section-boxed elementor-section-height-default elementor-section-height-default\" data-id=\"b70cc7e\" data-element_type=\"section\" data-e-type=\"section\" data-settings=\"{&quot;background_background&quot;:&quot;classic&quot;}\">\n\t\t\t\t\t\t<div class=\"elementor-container elementor-column-gap-default jws_section_\" >\n\t\t\t\t<div class=\"elementor-column elementor-col-100 elementor-top-column elementor-element elementor-element-5d5cb7a\" data-id=\"5d5cb7a\" data-element_type=\"column\" data-e-type=\"column\">\n\t\t\t<div class=\"elementor-widget-wrap elementor-element-populated\">\n\t\t\t\t\t\t<div class=\"elementor-element elementor-element-a08c349 elementor-invisible elementor-widget elementor-widget-image\" data-id=\"a08c349\" data-element_type=\"widget\" data-e-type=\"widget\" data-settings=\"{&quot;_animation&quot;:&quot;fadeInDown&quot;}\" data-widget_type=\"image.default\">\n\t\t\t\t<div class=\"elementor-widget-container\">\n\t\t\t\t\t\t\t\t\t\t\t\t\t\t\t<img decoding=\"async\" width=\"49\" height=\"50\" src=\"https:\/\/spiceandteamarket.com\/wp-content\/uploads\/2022\/04\/Leaf.svg\" class=\"attachment-full size-full wp-image-297\" alt=\"\" \/>\t\t\t\t\t\t\t\t\t\t\t\t\t\t\t<\/div>\n\t\t\t\t<\/div>\n\t\t\t\t<div class=\"elementor-element elementor-element-ee54522 elementor-widget__width-auto elementor-widget elementor-widget-text-editor\" data-id=\"ee54522\" data-element_type=\"widget\" data-e-type=\"widget\" data-widget_type=\"text-editor.default\">\n\t\t\t\t<div class=\"elementor-widget-container\">\n\t\t\t\t\t\t\t\t\t<p>*<\/p>\t\t\t\t\t\t\t\t<\/div>\n\t\t\t\t<\/div>\n\t\t\t\t<div class=\"elementor-element elementor-element-21206cd elementor-widget__width-auto elementor-widget elementor-widget-text-editor\" data-id=\"21206cd\" data-element_type=\"widget\" data-e-type=\"widget\" data-widget_type=\"text-editor.default\">\n\t\t\t\t<div class=\"elementor-widget-container\">\n\t\t\t\t\t\t\t\t\t<p>Nuestro Blog<\/p>\t\t\t\t\t\t\t\t<\/div>\n\t\t\t\t<\/div>\n\t\t\t\t<div class=\"elementor-element elementor-element-84cc449 elementor-widget__width-auto elementor-widget elementor-widget-text-editor\" data-id=\"84cc449\" data-element_type=\"widget\" data-e-type=\"widget\" data-widget_type=\"text-editor.default\">\n\t\t\t\t<div class=\"elementor-widget-container\">\n\t\t\t\t\t\t\t\t\t<p>*<\/p>\t\t\t\t\t\t\t\t<\/div>\n\t\t\t\t<\/div>\n\t\t\t\t<div class=\"elementor-element elementor-element-2117250 elementor-widget elementor-widget-spacer\" data-id=\"2117250\" data-element_type=\"widget\" data-e-type=\"widget\" data-widget_type=\"spacer.default\">\n\t\t\t\t<div class=\"elementor-widget-container\">\n\t\t\t\t\t\t\t<div class=\"elementor-spacer\">\n\t\t\t<div class=\"elementor-spacer-inner\"><\/div>\n\t\t<\/div>\n\t\t\t\t\t\t<\/div>\n\t\t\t\t<\/div>\n\t\t\t\t<div class=\"elementor-element elementor-element-067d8b4 elementor-widget__width-initial elementor-position-top elementor-view-default elementor-vertical-align-top elementor-invisible elementor-widget elementor-widget-jws_info_box\" data-id=\"067d8b4\" data-element_type=\"widget\" data-e-type=\"widget\" data-settings=\"{&quot;_animation&quot;:&quot;fadeInUp&quot;,&quot;align&quot;:&quot;center&quot;,&quot;position&quot;:&quot;top&quot;}\" data-widget_type=\"jws_info_box.default\">\n\t\t\t\t<div class=\"elementor-widget-container\">\n\t\t\t\t\t            <div class=\"jws-info-box layout1\">\n                <div class=\"jws-info-box-inner\">\n                    \r\n    <div class=\"box-icon\">\r\n          \r\n    <\/div>\r\n    <div class=\"jws-box-content\">\r\n        <div class=\"box-sub\">\r\n            <\/div>\r\n    <h1 class=\"box-title\">\r\n        M\u00e1s que una taza de t\u00e9. Descubra el mundo del t\u00e9 desde nuestra perspectiva    <\/h1>\r\n    <div class=\"box-content\">\r\n            <\/div>\r\n        <\/div>\r\n                <\/div>\n            <\/div>\n        \t\t\t\t<\/div>\n\t\t\t\t<\/div>\n\t\t\t\t<div class=\"elementor-element elementor-element-f45ed5a elementor-invisible elementor-widget elementor-widget-image\" data-id=\"f45ed5a\" data-element_type=\"widget\" data-e-type=\"widget\" data-settings=\"{&quot;_animation&quot;:&quot;fadeInUp&quot;}\" data-widget_type=\"image.default\">\n\t\t\t\t<div class=\"elementor-widget-container\">\n\t\t\t\t\t\t\t\t\t\t\t\t\t\t\t<img decoding=\"async\" width=\"1\" height=\"50\" src=\"https:\/\/spiceandteamarket.com\/wp-content\/uploads\/2022\/05\/line-straght.svg\" class=\"attachment-full size-full wp-image-4780\" alt=\"\" \/>\t\t\t\t\t\t\t\t\t\t\t\t\t\t\t<\/div>\n\t\t\t\t<\/div>\n\t\t\t\t\t<\/div>\n\t\t<\/div>\n\t\t\t\t      \n            \n              \n            \n            \t\n\t\t\t<\/div>\n\t\t<\/section>\n\t\t\t\t<section class=\"elementor-section elementor-top-section elementor-element elementor-element-d04504d elementor-section-boxed elementor-section-height-default elementor-section-height-default\" data-id=\"d04504d\" data-element_type=\"section\" data-e-type=\"section\">\n\t\t\t\t\t\t<div class=\"elementor-container elementor-column-gap-default jws_section_\" >\n\t\t\t\t<div class=\"elementor-column elementor-col-100 elementor-top-column elementor-element elementor-element-cb810f6\" data-id=\"cb810f6\" data-element_type=\"column\" data-e-type=\"column\">\n\t\t\t<div class=\"elementor-widget-wrap elementor-element-populated\">\n\t\t\t\t\t\t<div class=\"elementor-element elementor-element-72419d4 elementor-widget elementor-widget-jws_blog\" data-id=\"72419d4\" data-element_type=\"widget\" data-e-type=\"widget\" data-settings=\"{&quot;pagination_align&quot;:&quot;center&quot;}\" data-widget_type=\"jws_blog.default\">\n\t\t\t\t<div class=\"elementor-widget-container\">\n\t\t\t\t\t \n\t\t\n\t\t<div class=\"jws-blog-element\">\n             \n            <div class=\"row blog_content jws_blog_layout2 blog_ajax_72419d4 jws-isotope\" >\n                <div class=\"jws_blog_item col-xl-4 col-lg-6 col-12 no_format\"><div class=\"jws_post_wap\">\r\n    <div class=\"jws_post_image\">\r\n        <div class=\"slick-slider\">\r\n          <\/div>    \r\n      <a href=\"https:\/\/spiceandteamarket.com\/es\/awaken-your-senses-the-magic-of-chai-at-spice-and-tea-market\/\" class=\"\">   \r\n          <img fetchpriority=\"high\" decoding=\"async\" class=\"attachment-large wp-post-image\" src=\"https:\/\/spiceandteamarket.com\/wp-content\/uploads\/2024\/01\/MATCHA-TEA1-413x250.jpg\" width=\"413\" height=\"250\" alt=\"MATCHA TEA1\" title=\"MATCHA TEA1\" \/>            \r\n        <\/a>\r\n            <\/div>\r\n    <div class=\"jws_post_content\">\r\n                <span class=\"post_cat\"><a href=\"https:\/\/spiceandteamarket.com\/es\/category\/chai-teas\/\" rel=\"tag\">T\u00e9 Chai<\/a><\/span>  \r\n                       <h4 class=\"entry-title\"><a href=\"https:\/\/spiceandteamarket.com\/es\/awaken-your-senses-the-magic-of-chai-at-spice-and-tea-market\/\">Despierta tus sentidos: la magia del chai en el mercado de especias y t\u00e9<\/a><\/h4> \r\n                      <div class=\"jws_post_excerpt\">\r\n                    En Spice and Tea Market, la magia del Chai se despliega en una sinfon\u00eda de sabores y beneficios. Del vigorizante Choco Chai al reconfortante           <\/div>\r\n                      \r\n                      <a href=\"https:\/\/spiceandteamarket.com\/es\/awaken-your-senses-the-magic-of-chai-at-spice-and-tea-market\/\" class=\"jws_post_readmore\">\r\n           <span class=\"jws_text_read\"> Leer m\u00e1s<\/span>\r\n               \r\n           <\/a>\r\n               <\/div>\r\n<\/div>\r\n<\/div><div class=\"jws_blog_item col-xl-4 col-lg-6 col-12 no_format\"><div class=\"jws_post_wap\">\r\n    <div class=\"jws_post_image\">\r\n        <div class=\"slick-slider\">\r\n          <\/div>    \r\n      <a href=\"https:\/\/spiceandteamarket.com\/es\/bees-sweet-symphony-unveiling-the-natural-elegance-of-honey-at-spice-and-tea-market\/\" class=\"\">   \r\n          <img loading=\"lazy\" decoding=\"async\" class=\"attachment-large wp-post-image\" src=\"https:\/\/spiceandteamarket.com\/wp-content\/uploads\/2024\/01\/PURE-HONEY-WITH-HONEYCOMB-MIEL-PURA-CON-PANAL-413x250.jpg\" width=\"413\" height=\"250\" alt=\"PURE HONEY WITH HONEYCOMB-MIEL PURA CON PANAL\" title=\"PURE HONEY WITH HONEYCOMB-MIEL PURA CON PANAL\" \/>            \r\n        <\/a>\r\n            <\/div>\r\n    <div class=\"jws_post_content\">\r\n                <span class=\"post_cat\"><a href=\"https:\/\/spiceandteamarket.com\/es\/category\/honey\/\" rel=\"tag\">Miel<\/a><\/span>  \r\n                       <h4 class=\"entry-title\"><a href=\"https:\/\/spiceandteamarket.com\/es\/bees-sweet-symphony-unveiling-the-natural-elegance-of-honey-at-spice-and-tea-market\/\">La dulce sinfon\u00eda de las abejas: revelando la elegancia natural de la miel en el mercado de especias y t\u00e9<\/a><\/h4> \r\n                      <div class=\"jws_post_excerpt\">\r\n                    Ingrese a un mundo de elegancia natural con la exquisita colecci\u00f3n de miel pura de Spice and Tea Market. Elaborado con cuidado y procedente de los mejores           <\/div>\r\n                      \r\n                      <a href=\"https:\/\/spiceandteamarket.com\/es\/bees-sweet-symphony-unveiling-the-natural-elegance-of-honey-at-spice-and-tea-market\/\" class=\"jws_post_readmore\">\r\n           <span class=\"jws_text_read\"> Leer m\u00e1s<\/span>\r\n               \r\n           <\/a>\r\n               <\/div>\r\n<\/div>\r\n<\/div><div class=\"jws_blog_item col-xl-4 col-lg-6 col-12 no_format\"><div class=\"jws_post_wap\">\r\n    <div class=\"jws_post_image\">\r\n        <div class=\"slick-slider\">\r\n          <\/div>    \r\n      <a href=\"https:\/\/spiceandteamarket.com\/es\/indulge-in-pleasure-select-chocolates-from-spice-and-tea-market\/\" class=\"\">   \r\n          <img loading=\"lazy\" decoding=\"async\" class=\"attachment-large wp-post-image\" src=\"https:\/\/spiceandteamarket.com\/wp-content\/uploads\/2024\/01\/NE23r-413x250.jpg\" width=\"413\" height=\"250\" alt=\"NE23r\" title=\"NE23r\" \/>            \r\n        <\/a>\r\n            <\/div>\r\n    <div class=\"jws_post_content\">\r\n                <span class=\"post_cat\"><a href=\"https:\/\/spiceandteamarket.com\/es\/category\/chocolates\/\" rel=\"tag\">Chocolates<\/a><\/span>  \r\n                       <h4 class=\"entry-title\"><a href=\"https:\/\/spiceandteamarket.com\/es\/indulge-in-pleasure-select-chocolates-from-spice-and-tea-market\/\">Disfrute del placer: chocolates selectos del mercado de especias y t\u00e9<\/a><\/h4> \r\n                      <div class=\"jws_post_excerpt\">\r\n                    En Spice and Tea Market elevamos el arte del disfrute con nuestra exclusiva colecci\u00f3n de chocolates selectos. Cada pieza es una obra maestra que combina           <\/div>\r\n                      \r\n                      <a href=\"https:\/\/spiceandteamarket.com\/es\/indulge-in-pleasure-select-chocolates-from-spice-and-tea-market\/\" class=\"jws_post_readmore\">\r\n           <span class=\"jws_text_read\"> Leer m\u00e1s<\/span>\r\n               \r\n           <\/a>\r\n               <\/div>\r\n<\/div>\r\n<\/div><div class=\"jws_blog_item col-xl-4 col-lg-6 col-12 no_format\"><div class=\"jws_post_wap\">\r\n    <div class=\"jws_post_image\">\r\n        <div class=\"slick-slider\">\r\n          <\/div>    \r\n      <a href=\"https:\/\/spiceandteamarket.com\/es\/exploring-the-secrets-of-our-organic-medicinal-teas\/\" class=\"\">   \r\n          <img loading=\"lazy\" decoding=\"async\" class=\"attachment-large wp-post-image\" src=\"https:\/\/spiceandteamarket.com\/wp-content\/uploads\/2024\/01\/NEEM2-413x250.jpg\" width=\"413\" height=\"250\" alt=\"NEEM2\" title=\"NEEM2\" \/>            \r\n        <\/a>\r\n            <\/div>\r\n    <div class=\"jws_post_content\">\r\n                <span class=\"post_cat\"><a href=\"https:\/\/spiceandteamarket.com\/es\/category\/organic-medicinal-teas\/\" rel=\"tag\">T\u00e9s Medicinales Org\u00e1nicos<\/a><\/span>  \r\n                       <h4 class=\"entry-title\"><a href=\"https:\/\/spiceandteamarket.com\/es\/exploring-the-secrets-of-our-organic-medicinal-teas\/\">Explorando los secretos de nuestros t\u00e9s medicinales org\u00e1nicos<\/a><\/h4> \r\n                      <div class=\"jws_post_excerpt\">\r\n                    En el fascinante universo de Spice and Tea Market, sum\u00e9rgete con nosotros en la riqueza y los beneficios de nuestros extraordinarios t\u00e9s medicinales org\u00e1nicos. Cada           <\/div>\r\n                      \r\n                      <a href=\"https:\/\/spiceandteamarket.com\/es\/exploring-the-secrets-of-our-organic-medicinal-teas\/\" class=\"jws_post_readmore\">\r\n           <span class=\"jws_text_read\"> Leer m\u00e1s<\/span>\r\n               \r\n           <\/a>\r\n               <\/div>\r\n<\/div>\r\n<\/div>            <\/div>\n                                <\/div>\n\n\t\t\t\t\t<\/div>\n\t\t\t\t<\/div>\n\t\t\t\t\t<\/div>\n\t\t<\/div>\n\t\t\t\t      \n            \n              \n            \n            \t\n\t\t\t<\/div>\n\t\t<\/section>\n\t\t\t\t<\/div>","protected":false},"excerpt":{"rendered":"<p>* our Blog * More than a Cup of Tea. Discover the world of tea from out insight Chai Teas Awaken Your Senses: The Magic of Chai at Spice and Tea Market At Spice and Tea Market, the magic of Chai unfolds in a symphony of flavors and benefits. From the invigorating Choco Chai to [&hellip;]<\/p>\n","protected":false},"author":1,"featured_media":0,"parent":0,"menu_order":0,"comment_status":"closed","ping_status":"closed","template":"","meta":{"_joinchat":[],"footnotes":""},"class_list":["post-5196","page","type-page","status-publish","hentry"],"yoast_head":"<!-- This site is optimized with the Yoast SEO plugin v27.2 - https:\/\/yoast.com\/product\/yoast-seo-wordpress\/ -->\n<title>No Sidebar - Spice Market Cozumel<\/title>\n<meta name=\"robots\" content=\"index, follow, max-snippet:-1, max-image-preview:large, max-video-preview:-1\" \/>\n<link rel=\"canonical\" href=\"https:\/\/spiceandteamarket.com\/es\/no-sidebar\/\" \/>\n<meta property=\"og:locale\" content=\"es_MX\" \/>\n<meta property=\"og:type\" content=\"article\" \/>\n<meta property=\"og:title\" content=\"No Sidebar - Spice Market Cozumel\" \/>\n<meta property=\"og:description\" content=\"* our Blog * More than a Cup of Tea. Discover the world of tea from out insight Chai Teas Awaken Your Senses: The Magic of Chai at Spice and Tea Market At Spice and Tea Market, the magic of Chai unfolds in a symphony of flavors and benefits. From the invigorating Choco Chai to [&hellip;]\" \/>\n<meta property=\"og:url\" content=\"https:\/\/spiceandteamarket.com\/es\/no-sidebar\/\" \/>\n<meta property=\"og:site_name\" content=\"Spice Market Cozumel\" \/>\n<meta property=\"article:publisher\" content=\"https:\/\/www.facebook.com\/spicemarketczm\" \/>\n<meta property=\"article:modified_time\" content=\"2024-01-12T22:56:57+00:00\" \/>\n<meta property=\"og:image\" content=\"https:\/\/spiceandteamarket.com\/wp-content\/uploads\/2022\/04\/Leaf.svg\" \/>\n<meta name=\"twitter:card\" content=\"summary_large_image\" \/>\n<meta name=\"twitter:label1\" content=\"Tiempo de lectura\" \/>\n\t<meta name=\"twitter:data1\" content=\"1 minuto\" \/>\n<script type=\"application\/ld+json\" class=\"yoast-schema-graph\">{\"@context\":\"https:\/\/schema.org\",\"@graph\":[{\"@type\":\"WebPage\",\"@id\":\"https:\/\/spiceandteamarket.com\/no-sidebar\/\",\"url\":\"https:\/\/spiceandteamarket.com\/no-sidebar\/\",\"name\":\"No Sidebar - Spice Market Cozumel\",\"isPartOf\":{\"@id\":\"https:\/\/spiceandteamarket.com\/#website\"},\"primaryImageOfPage\":{\"@id\":\"https:\/\/spiceandteamarket.com\/no-sidebar\/#primaryimage\"},\"image\":{\"@id\":\"https:\/\/spiceandteamarket.com\/no-sidebar\/#primaryimage\"},\"thumbnailUrl\":\"https:\/\/spiceandteamarket.com\/wp-content\/uploads\/2022\/04\/Leaf.svg\",\"datePublished\":\"2022-05-23T03:28:05+00:00\",\"dateModified\":\"2024-01-12T22:56:57+00:00\",\"breadcrumb\":{\"@id\":\"https:\/\/spiceandteamarket.com\/no-sidebar\/#breadcrumb\"},\"inLanguage\":\"es\",\"potentialAction\":[{\"@type\":\"ReadAction\",\"target\":[\"https:\/\/spiceandteamarket.com\/no-sidebar\/\"]}]},{\"@type\":\"ImageObject\",\"inLanguage\":\"es\",\"@id\":\"https:\/\/spiceandteamarket.com\/no-sidebar\/#primaryimage\",\"url\":\"https:\/\/spiceandteamarket.com\/wp-content\/uploads\/2022\/04\/Leaf.svg\",\"contentUrl\":\"https:\/\/spiceandteamarket.com\/wp-content\/uploads\/2022\/04\/Leaf.svg\"},{\"@type\":\"BreadcrumbList\",\"@id\":\"https:\/\/spiceandteamarket.com\/no-sidebar\/#breadcrumb\",\"itemListElement\":[{\"@type\":\"ListItem\",\"position\":1,\"name\":\"Inicio\",\"item\":\"https:\/\/spiceandteamarket.com\/\"},{\"@type\":\"ListItem\",\"position\":2,\"name\":\"No Sidebar\"}]},{\"@type\":\"WebSite\",\"@id\":\"https:\/\/spiceandteamarket.com\/#website\",\"url\":\"https:\/\/spiceandteamarket.com\/\",\"name\":\"Spice Market Cozumel\",\"description\":\"From organic products to the widest selection of medicinal teas and exotic spices, we invite you to explore a world of flavors and aromas that will awaken your senses. Whether you&#039;re a food lover, a wellness enthusiast, or simply someone looking to delight in life&#039;s simple pleasures, Spice and Tea Market has something special for you.\",\"publisher\":{\"@id\":\"https:\/\/spiceandteamarket.com\/#organization\"},\"potentialAction\":[{\"@type\":\"SearchAction\",\"target\":{\"@type\":\"EntryPoint\",\"urlTemplate\":\"https:\/\/spiceandteamarket.com\/?s={search_term_string}\"},\"query-input\":{\"@type\":\"PropertyValueSpecification\",\"valueRequired\":true,\"valueName\":\"search_term_string\"}}],\"inLanguage\":\"es\"},{\"@type\":\"Organization\",\"@id\":\"https:\/\/spiceandteamarket.com\/#organization\",\"name\":\"Spice Market Cozumel\",\"url\":\"https:\/\/spiceandteamarket.com\/\",\"logo\":{\"@type\":\"ImageObject\",\"inLanguage\":\"es\",\"@id\":\"https:\/\/spiceandteamarket.com\/#\/schema\/logo\/image\/\",\"url\":\"https:\/\/spiceandteamarket.com\/wp-content\/uploads\/2022\/04\/logo2cafe.png\",\"contentUrl\":\"https:\/\/spiceandteamarket.com\/wp-content\/uploads\/2022\/04\/logo2cafe.png\",\"width\":500,\"height\":501,\"caption\":\"Spice Market Cozumel\"},\"image\":{\"@id\":\"https:\/\/spiceandteamarket.com\/#\/schema\/logo\/image\/\"},\"sameAs\":[\"https:\/\/www.facebook.com\/spicemarketczm\",\"https:\/\/www.instagram.com\/spiceandteamarket_czm\/\"]}]}<\/script>\n<!-- \/ Yoast SEO plugin. -->","yoast_head_json":{"title":"No Sidebar - Spice Market Cozumel","robots":{"index":"index","follow":"follow","max-snippet":"max-snippet:-1","max-image-preview":"max-image-preview:large","max-video-preview":"max-video-preview:-1"},"canonical":"https:\/\/spiceandteamarket.com\/es\/no-sidebar\/","og_locale":"es_MX","og_type":"article","og_title":"No Sidebar - Spice Market Cozumel","og_description":"* our Blog * More than a Cup of Tea. Discover the world of tea from out insight Chai Teas Awaken Your Senses: The Magic of Chai at Spice and Tea Market At Spice and Tea Market, the magic of Chai unfolds in a symphony of flavors and benefits. From the invigorating Choco Chai to [&hellip;]","og_url":"https:\/\/spiceandteamarket.com\/es\/no-sidebar\/","og_site_name":"Spice Market Cozumel","article_publisher":"https:\/\/www.facebook.com\/spicemarketczm","article_modified_time":"2024-01-12T22:56:57+00:00","og_image":[{"url":"https:\/\/spiceandteamarket.com\/wp-content\/uploads\/2022\/04\/Leaf.svg","type":"","width":"","height":""}],"twitter_card":"summary_large_image","twitter_misc":{"Tiempo de lectura":"1 minuto"},"schema":{"@context":"https:\/\/schema.org","@graph":[{"@type":"WebPage","@id":"https:\/\/spiceandteamarket.com\/no-sidebar\/","url":"https:\/\/spiceandteamarket.com\/no-sidebar\/","name":"No Sidebar - Spice Market Cozumel","isPartOf":{"@id":"https:\/\/spiceandteamarket.com\/#website"},"primaryImageOfPage":{"@id":"https:\/\/spiceandteamarket.com\/no-sidebar\/#primaryimage"},"image":{"@id":"https:\/\/spiceandteamarket.com\/no-sidebar\/#primaryimage"},"thumbnailUrl":"https:\/\/spiceandteamarket.com\/wp-content\/uploads\/2022\/04\/Leaf.svg","datePublished":"2022-05-23T03:28:05+00:00","dateModified":"2024-01-12T22:56:57+00:00","breadcrumb":{"@id":"https:\/\/spiceandteamarket.com\/no-sidebar\/#breadcrumb"},"inLanguage":"es","potentialAction":[{"@type":"ReadAction","target":["https:\/\/spiceandteamarket.com\/no-sidebar\/"]}]},{"@type":"ImageObject","inLanguage":"es","@id":"https:\/\/spiceandteamarket.com\/no-sidebar\/#primaryimage","url":"https:\/\/spiceandteamarket.com\/wp-content\/uploads\/2022\/04\/Leaf.svg","contentUrl":"https:\/\/spiceandteamarket.com\/wp-content\/uploads\/2022\/04\/Leaf.svg"},{"@type":"BreadcrumbList","@id":"https:\/\/spiceandteamarket.com\/no-sidebar\/#breadcrumb","itemListElement":[{"@type":"ListItem","position":1,"name":"Inicio","item":"https:\/\/spiceandteamarket.com\/"},{"@type":"ListItem","position":2,"name":"No Sidebar"}]},{"@type":"WebSite","@id":"https:\/\/spiceandteamarket.com\/#website","url":"https:\/\/spiceandteamarket.com\/","name":"Spice Market Cozumel","description":"From organic products to the widest selection of medicinal teas and exotic spices, we invite you to explore a world of flavors and aromas that will awaken your senses. Whether you&#039;re a food lover, a wellness enthusiast, or simply someone looking to delight in life&#039;s simple pleasures, Spice and Tea Market has something special for you.","publisher":{"@id":"https:\/\/spiceandteamarket.com\/#organization"},"potentialAction":[{"@type":"SearchAction","target":{"@type":"EntryPoint","urlTemplate":"https:\/\/spiceandteamarket.com\/?s={search_term_string}"},"query-input":{"@type":"PropertyValueSpecification","valueRequired":true,"valueName":"search_term_string"}}],"inLanguage":"es"},{"@type":"Organization","@id":"https:\/\/spiceandteamarket.com\/#organization","name":"Spice Market Cozumel","url":"https:\/\/spiceandteamarket.com\/","logo":{"@type":"ImageObject","inLanguage":"es","@id":"https:\/\/spiceandteamarket.com\/#\/schema\/logo\/image\/","url":"https:\/\/spiceandteamarket.com\/wp-content\/uploads\/2022\/04\/logo2cafe.png","contentUrl":"https:\/\/spiceandteamarket.com\/wp-content\/uploads\/2022\/04\/logo2cafe.png","width":500,"height":501,"caption":"Spice Market Cozumel"},"image":{"@id":"https:\/\/spiceandteamarket.com\/#\/schema\/logo\/image\/"},"sameAs":["https:\/\/www.facebook.com\/spicemarketczm","https:\/\/www.instagram.com\/spiceandteamarket_czm\/"]}]}},"_links":{"self":[{"href":"https:\/\/spiceandteamarket.com\/es\/wp-json\/wp\/v2\/pages\/5196","targetHints":{"allow":["GET"]}}],"collection":[{"href":"https:\/\/spiceandteamarket.com\/es\/wp-json\/wp\/v2\/pages"}],"about":[{"href":"https:\/\/spiceandteamarket.com\/es\/wp-json\/wp\/v2\/types\/page"}],"author":[{"embeddable":true,"href":"https:\/\/spiceandteamarket.com\/es\/wp-json\/wp\/v2\/users\/1"}],"replies":[{"embeddable":true,"href":"https:\/\/spiceandteamarket.com\/es\/wp-json\/wp\/v2\/comments?post=5196"}],"version-history":[{"count":12,"href":"https:\/\/spiceandteamarket.com\/es\/wp-json\/wp\/v2\/pages\/5196\/revisions"}],"predecessor-version":[{"id":12204,"href":"https:\/\/spiceandteamarket.com\/es\/wp-json\/wp\/v2\/pages\/5196\/revisions\/12204"}],"wp:attachment":[{"href":"https:\/\/spiceandteamarket.com\/es\/wp-json\/wp\/v2\/media?parent=5196"}],"curies":[{"name":"wp","href":"https:\/\/api.w.org\/{rel}","templated":true}]}}